{"id":40738,"date":"2025-06-17T14:32:02","date_gmt":"2025-06-17T21:32:02","guid":{"rendered":"https:\/\/www.hvacredu.net\/staging\/?post_type=product&#038;p=40738"},"modified":"2025-08-06T15:58:32","modified_gmt":"2025-08-06T22:58:32","slug":"121-sistemas","status":"publish","type":"product","link":"https:\/\/www.hvacredu.net\/staging\/shop\/121-sistemas\/","title":{"rendered":"121 Sistemas"},"content":{"rendered":"<p class=\"ai-optimize-33 ai-optimize-introduction\"><span class=\"s1\">A partir de este curso empezamos a desarrollar una comprensi\u00f3n de los sistemas que usan el aire como el medio de transferencia de energ\u00eda t\u00e9rmica. El objetivo final es ofrecer las condiciones de confort para los seres humanos (y las m\u00e1quinas como la computadora). Puesto que nosotros (los seres humanos) vivimos en lo que se denomina &#8220;el ambiente&#8221; ser\u00eda l\u00f3gico que entendamos dicho entorno. Una de las mejores herramientas de que disponemos para entender las propiedades del aire es el gr\u00e1fico de la psicrometr\u00eda que se present\u00f3 en el curso Fundamentales.<br \/>\n<\/span><span class=\"s1\"><br \/>\n<\/span><span class=\"s1\">En este curso, en primer lugar analizaremos la energ\u00eda t\u00e9rmica para luego pasar a las condiciones de confort de los seres humanos. El siguiente tema es el gr\u00e1fico de la psicrom\u00e9trica y las condiciones de aire. A continuaci\u00f3n, vamos a empezar a utilizar el gr\u00e1fico de la psicrometr\u00eda por trazar en ello varias condiciones ambientales. Vamos a terminar el curso con la introducci\u00f3n de las t\u00e9rminos y conceptos que tratan con el aire en movimiento.<br \/>\n<\/span><span class=\"s1\"><br \/>\n<\/span><span class=\"s1\">Los siguientes son los 6 m\u00f3dulos de este curso:\u00a0<\/span><\/p>\n<ul class=\"ul1\">\n<li class=\"li6 ai-optimize-34\"><span class=\"s1\"><strong>M\u00f3dulo 1:<\/strong>\u00a0Energ\u00eda T\u00e9rmica y Confort<\/span><\/li>\n<\/ul>\n<ul class=\"ul1\">\n<li class=\"li6 ai-optimize-35\"><span class=\"s1\"><strong>M\u00f3dulo 2:<\/strong>\u00a0Propiedades del aire<\/span><\/li>\n<\/ul>\n<ul class=\"ul1\">\n<li class=\"li6 ai-optimize-36\"><span class=\"s1\"><strong>M\u00f3dulo 3:<\/strong>\u00a0Somos la psicrometr\u00eda<\/span><\/li>\n<\/ul>\n<ul class=\"ul1\">\n<li class=\"li6 ai-optimize-37\"><span class=\"s1\"><strong>M\u00f3dulo 4:<\/strong>\u00a0Calor total en el aire<\/span><\/li>\n<\/ul>\n<ul class=\"ul1\">\n<li class=\"li6 ai-optimize-38\"><span class=\"s1\"><strong>M\u00f3dulo 5:<\/strong>\u00a0Medir un gran volumen invisible en movimiento<\/span><\/li>\n<\/ul>\n<ul class=\"ul1\">\n<li class=\"li6 ai-optimize-39\"><span class=\"s1\"><strong>M\u00f3dulo 6:<\/strong>\u00a0Flujo y distribuci\u00f3n de aire<\/span><\/li>\n<\/ul>\n<p>&nbsp;<\/p>\n","protected":false},"excerpt":{"rendered":"<p class=\"ai-optimize-43 ai-optimize-introduction\"><span class=\"s1\">A partir de este curso empezamos a desarrollar una comprensi\u00f3n de los sistemas que usan el aire como el medio de transferencia de energ\u00eda t\u00e9rmica.<\/span><\/p>\n","protected":false},"featured_media":40739,"template":"","meta":[],"product_brand":[],"product_cat":[146,128,116,120,135],"product_tag":[],"class_list":{"0":"post-40738","1":"product","2":"type-product","3":"status-publish","4":"has-post-thumbnail","6":"product_cat-air-conditioning-courses","7":"product_cat-individual-training-courses","8":"product_cat-heating-courses","9":"product_cat-chiller-courses","10":"product_cat-cursos-en-espanol","12":"first","13":"instock","14":"downloadable","15":"virtual","16":"taxable","17":"purchasable","18":"product-type-simple"},"yoast_head":"<!-- This site is optimized with the Yoast SEO Premium plugin v25.2 (Yoast SEO v25.8) - https:\/\/yoast.com\/wordpress\/plugins\/seo\/ -->\n<title>121 Sistemas - HVACRedu.net - Online HVAC and Refrigeration Training<\/title>\n<meta name=\"description\" content=\"A partir de este curso empezamos a desarrollar una comprensi\u00f3n de los sistemas que usan el aire como el medio de transferencia de energ\u00eda t\u00e9rmica.\" \/>\n<meta name=\"robots\" content=\"noindex, follow, max-snippet:-1, max-image-preview:large, max-video-preview:-1\" \/>\n<meta property=\"og:locale\" content=\"en_US\" \/>\n<meta property=\"og:type\" content=\"article\" \/>\n<meta property=\"og:title\" content=\"121 Sistemas\" \/>\n<meta property=\"og:description\" content=\"A partir de este curso empezamos a desarrollar una comprensi\u00f3n de los sistemas que usan el aire como el medio de transferencia de energ\u00eda t\u00e9rmica.\" \/>\n<meta property=\"og:url\" content=\"https:\/\/www.hvacredu.net\/staging\/shop\/121-sistemas\/\" \/>\n<meta property=\"og:site_name\" content=\"HVACRedu.net - Online HVAC and Refrigeration Training\" \/>\n<meta property=\"article:publisher\" content=\"https:\/\/www.facebook.com\/hvacredunet\" \/>\n<meta property=\"article:modified_time\" content=\"2025-08-06T22:58:32+00:00\" \/>\n<meta property=\"og:image\" content=\"https:\/\/www.hvacredu.net\/staging\/wp-content\/uploads\/2025\/06\/121-S_HVAC_Sistemas.jpg\" \/>\n\t<meta property=\"og:image:width\" content=\"320\" \/>\n\t<meta property=\"og:image:height\" content=\"220\" \/>\n\t<meta property=\"og:image:type\" content=\"image\/jpeg\" \/>\n<meta name=\"twitter:card\" content=\"summary_large_image\" \/>\n<meta name=\"twitter:site\" content=\"@hvacreducation\" \/>\n<meta name=\"twitter:label1\" content=\"Est. reading time\" \/>\n\t<meta name=\"twitter:data1\" content=\"2 minutes\" \/>\n<script type=\"application\/ld+json\" class=\"yoast-schema-graph\">{\"@context\":\"https:\/\/schema.org\",\"@graph\":[{\"@type\":\"WebPage\",\"@id\":\"https:\/\/www.hvacredu.net\/staging\/shop\/121-sistemas\/\",\"url\":\"https:\/\/www.hvacredu.net\/staging\/shop\/121-sistemas\/\",\"name\":\"121 Sistemas - HVACRedu.net - Online HVAC and Refrigeration Training\",\"isPartOf\":{\"@id\":\"https:\/\/www.hvacredu.net\/staging\/#website\"},\"primaryImageOfPage\":{\"@id\":\"https:\/\/www.hvacredu.net\/staging\/shop\/121-sistemas\/#primaryimage\"},\"image\":{\"@id\":\"https:\/\/www.hvacredu.net\/staging\/shop\/121-sistemas\/#primaryimage\"},\"thumbnailUrl\":\"https:\/\/www.hvacredu.net\/staging\/wp-content\/uploads\/2025\/06\/121-S_HVAC_Sistemas.jpg\",\"datePublished\":\"2025-06-17T21:32:02+00:00\",\"dateModified\":\"2025-08-06T22:58:32+00:00\",\"description\":\"A partir de este curso empezamos a desarrollar una comprensi\u00f3n de los sistemas que usan el aire como el medio de transferencia de energ\u00eda t\u00e9rmica.\",\"breadcrumb\":{\"@id\":\"https:\/\/www.hvacredu.net\/staging\/shop\/121-sistemas\/#breadcrumb\"},\"inLanguage\":\"en\",\"potentialAction\":[{\"@type\":\"ReadAction\",\"target\":[\"https:\/\/www.hvacredu.net\/staging\/shop\/121-sistemas\/\"]}]},{\"@type\":\"ImageObject\",\"inLanguage\":\"en\",\"@id\":\"https:\/\/www.hvacredu.net\/staging\/shop\/121-sistemas\/#primaryimage\",\"url\":\"https:\/\/www.hvacredu.net\/staging\/wp-content\/uploads\/2025\/06\/121-S_HVAC_Sistemas.jpg\",\"contentUrl\":\"https:\/\/www.hvacredu.net\/staging\/wp-content\/uploads\/2025\/06\/121-S_HVAC_Sistemas.jpg\",\"width\":320,\"height\":220,\"caption\":\"Plumber, boiler, home.\"},{\"@type\":\"BreadcrumbList\",\"@id\":\"https:\/\/www.hvacredu.net\/staging\/shop\/121-sistemas\/#breadcrumb\",\"itemListElement\":[{\"@type\":\"ListItem\",\"position\":1,\"name\":\"Home\",\"item\":\"https:\/\/www.hvacredu.net\/staging\/\"},{\"@type\":\"ListItem\",\"position\":2,\"name\":\"Shop\",\"item\":\"https:\/\/www.hvacredu.net\/staging\/shop\/\"},{\"@type\":\"ListItem\",\"position\":3,\"name\":\"121 Sistemas\"}]},{\"@type\":\"WebSite\",\"@id\":\"https:\/\/www.hvacredu.net\/staging\/#website\",\"url\":\"https:\/\/www.hvacredu.net\/staging\/\",\"name\":\"HVACRedu.net - Online HVAC and Refrigeration Training\",\"description\":\"\",\"publisher\":{\"@id\":\"https:\/\/www.hvacredu.net\/staging\/#organization\"},\"potentialAction\":[{\"@type\":\"SearchAction\",\"target\":{\"@type\":\"EntryPoint\",\"urlTemplate\":\"https:\/\/www.hvacredu.net\/staging\/?s={search_term_string}\"},\"query-input\":{\"@type\":\"PropertyValueSpecification\",\"valueRequired\":true,\"valueName\":\"search_term_string\"}}],\"inLanguage\":\"en\"},{\"@type\":\"Organization\",\"@id\":\"https:\/\/www.hvacredu.net\/staging\/#organization\",\"name\":\"www.hvacredu.net\",\"url\":\"https:\/\/www.hvacredu.net\/staging\/\",\"logo\":{\"@type\":\"ImageObject\",\"inLanguage\":\"en\",\"@id\":\"https:\/\/www.hvacredu.net\/staging\/#\/schema\/logo\/image\/\",\"url\":\"http:\/\/www.hvacredu.net\/staging\/wp-content\/uploads\/2021\/05\/HVAClogo-2-1.png\",\"contentUrl\":\"http:\/\/www.hvacredu.net\/staging\/wp-content\/uploads\/2021\/05\/HVAClogo-2-1.png\",\"width\":200,\"height\":54,\"caption\":\"www.hvacredu.net\"},\"image\":{\"@id\":\"https:\/\/www.hvacredu.net\/staging\/#\/schema\/logo\/image\/\"},\"sameAs\":[\"https:\/\/www.facebook.com\/hvacredunet\",\"https:\/\/x.com\/hvacreducation\",\"https:\/\/www.instagram.com\/hvacredu\/\",\"https:\/\/www.youtube.com\/channel\/UCt3vrukCW1pZlpnmjexqQcA\"]}]}<\/script>\n<!-- \/ Yoast SEO Premium plugin. -->","yoast_head_json":{"title":"121 Sistemas - HVACRedu.net - Online HVAC and Refrigeration Training","description":"A partir de este curso empezamos a desarrollar una comprensi\u00f3n de los sistemas que usan el aire como el medio de transferencia de energ\u00eda t\u00e9rmica.","robots":{"index":"noindex","follow":"follow","max-snippet":"max-snippet:-1","max-image-preview":"max-image-preview:large","max-video-preview":"max-video-preview:-1"},"og_locale":"en_US","og_type":"article","og_title":"121 Sistemas","og_description":"A partir de este curso empezamos a desarrollar una comprensi\u00f3n de los sistemas que usan el aire como el medio de transferencia de energ\u00eda t\u00e9rmica.","og_url":"https:\/\/www.hvacredu.net\/staging\/shop\/121-sistemas\/","og_site_name":"HVACRedu.net - Online HVAC and Refrigeration Training","article_publisher":"https:\/\/www.facebook.com\/hvacredunet","article_modified_time":"2025-08-06T22:58:32+00:00","og_image":[{"width":320,"height":220,"url":"https:\/\/www.hvacredu.net\/staging\/wp-content\/uploads\/2025\/06\/121-S_HVAC_Sistemas.jpg","type":"image\/jpeg"}],"twitter_card":"summary_large_image","twitter_site":"@hvacreducation","twitter_misc":{"Est. reading time":"2 minutes"},"schema":{"@context":"https:\/\/schema.org","@graph":[{"@type":"WebPage","@id":"https:\/\/www.hvacredu.net\/staging\/shop\/121-sistemas\/","url":"https:\/\/www.hvacredu.net\/staging\/shop\/121-sistemas\/","name":"121 Sistemas - HVACRedu.net - Online HVAC and Refrigeration Training","isPartOf":{"@id":"https:\/\/www.hvacredu.net\/staging\/#website"},"primaryImageOfPage":{"@id":"https:\/\/www.hvacredu.net\/staging\/shop\/121-sistemas\/#primaryimage"},"image":{"@id":"https:\/\/www.hvacredu.net\/staging\/shop\/121-sistemas\/#primaryimage"},"thumbnailUrl":"https:\/\/www.hvacredu.net\/staging\/wp-content\/uploads\/2025\/06\/121-S_HVAC_Sistemas.jpg","datePublished":"2025-06-17T21:32:02+00:00","dateModified":"2025-08-06T22:58:32+00:00","description":"A partir de este curso empezamos a desarrollar una comprensi\u00f3n de los sistemas que usan el aire como el medio de transferencia de energ\u00eda t\u00e9rmica.","breadcrumb":{"@id":"https:\/\/www.hvacredu.net\/staging\/shop\/121-sistemas\/#breadcrumb"},"inLanguage":"en","potentialAction":[{"@type":"ReadAction","target":["https:\/\/www.hvacredu.net\/staging\/shop\/121-sistemas\/"]}]},{"@type":"ImageObject","inLanguage":"en","@id":"https:\/\/www.hvacredu.net\/staging\/shop\/121-sistemas\/#primaryimage","url":"https:\/\/www.hvacredu.net\/staging\/wp-content\/uploads\/2025\/06\/121-S_HVAC_Sistemas.jpg","contentUrl":"https:\/\/www.hvacredu.net\/staging\/wp-content\/uploads\/2025\/06\/121-S_HVAC_Sistemas.jpg","width":320,"height":220,"caption":"Plumber, boiler, home."},{"@type":"BreadcrumbList","@id":"https:\/\/www.hvacredu.net\/staging\/shop\/121-sistemas\/#breadcrumb","itemListElement":[{"@type":"ListItem","position":1,"name":"Home","item":"https:\/\/www.hvacredu.net\/staging\/"},{"@type":"ListItem","position":2,"name":"Shop","item":"https:\/\/www.hvacredu.net\/staging\/shop\/"},{"@type":"ListItem","position":3,"name":"121 Sistemas"}]},{"@type":"WebSite","@id":"https:\/\/www.hvacredu.net\/staging\/#website","url":"https:\/\/www.hvacredu.net\/staging\/","name":"HVACRedu.net - Online HVAC and Refrigeration Training","description":"","publisher":{"@id":"https:\/\/www.hvacredu.net\/staging\/#organization"},"potentialAction":[{"@type":"SearchAction","target":{"@type":"EntryPoint","urlTemplate":"https:\/\/www.hvacredu.net\/staging\/?s={search_term_string}"},"query-input":{"@type":"PropertyValueSpecification","valueRequired":true,"valueName":"search_term_string"}}],"inLanguage":"en"},{"@type":"Organization","@id":"https:\/\/www.hvacredu.net\/staging\/#organization","name":"www.hvacredu.net","url":"https:\/\/www.hvacredu.net\/staging\/","logo":{"@type":"ImageObject","inLanguage":"en","@id":"https:\/\/www.hvacredu.net\/staging\/#\/schema\/logo\/image\/","url":"http:\/\/www.hvacredu.net\/staging\/wp-content\/uploads\/2021\/05\/HVAClogo-2-1.png","contentUrl":"http:\/\/www.hvacredu.net\/staging\/wp-content\/uploads\/2021\/05\/HVAClogo-2-1.png","width":200,"height":54,"caption":"www.hvacredu.net"},"image":{"@id":"https:\/\/www.hvacredu.net\/staging\/#\/schema\/logo\/image\/"},"sameAs":["https:\/\/www.facebook.com\/hvacredunet","https:\/\/x.com\/hvacreducation","https:\/\/www.instagram.com\/hvacredu\/","https:\/\/www.youtube.com\/channel\/UCt3vrukCW1pZlpnmjexqQcA"]}]}},"_links":{"self":[{"href":"https:\/\/www.hvacredu.net\/staging\/wp-json\/wp\/v2\/product\/40738","targetHints":{"allow":["GET"]}}],"collection":[{"href":"https:\/\/www.hvacredu.net\/staging\/wp-json\/wp\/v2\/product"}],"about":[{"href":"https:\/\/www.hvacredu.net\/staging\/wp-json\/wp\/v2\/types\/product"}],"wp:featuredmedia":[{"embeddable":true,"href":"https:\/\/www.hvacredu.net\/staging\/wp-json\/wp\/v2\/media\/40739"}],"wp:attachment":[{"href":"https:\/\/www.hvacredu.net\/staging\/wp-json\/wp\/v2\/media?parent=40738"}],"wp:term":[{"taxonomy":"product_brand","embeddable":true,"href":"https:\/\/www.hvacredu.net\/staging\/wp-json\/wp\/v2\/product_brand?post=40738"},{"taxonomy":"product_cat","embeddable":true,"href":"https:\/\/www.hvacredu.net\/staging\/wp-json\/wp\/v2\/product_cat?post=40738"},{"taxonomy":"product_tag","embeddable":true,"href":"https:\/\/www.hvacredu.net\/staging\/wp-json\/wp\/v2\/product_tag?post=40738"}],"curies":[{"name":"wp","href":"https:\/\/api.w.org\/{rel}","templated":true}]}}