{"id":42061,"date":"2025-06-25T09:42:14","date_gmt":"2025-06-25T16:42:14","guid":{"rendered":"https:\/\/www.hvacredu.net\/staging\/?post_type=product&#038;p=42061"},"modified":"2025-08-08T09:15:41","modified_gmt":"2025-08-08T16:15:41","slug":"certificacion-epa-608-del-uso-de-refrigerantes","status":"publish","type":"product","link":"https:\/\/www.hvacredu.net\/staging\/shop\/certificacion-epa-608-del-uso-de-refrigerantes\/","title":{"rendered":"Certificaci\u00f3n EPA 608 del uso de refrigerantes"},"content":{"rendered":"<p class=\"ai-optimize-33 ai-optimize-introduction\"><i>Compre ahora (365 d\u00edas)<\/i><\/p>\n<p class=\"ai-optimize-34\">Este curso ha sido creado para ayudar a preparar al estudiante para el examen de Certificaci\u00f3n EPA Secci\u00f3n 608, en consonancia con las normas y requisitos federales m\u00e1s recientes. La primera parte est\u00e1 repleta de gu\u00edas de estudio descargables y un manual de preparaci\u00f3n para el examen EPA 608. El primer m\u00f3dulo inicia al estudiante con los t\u00e9rminos b\u00e1sicos. Los tres m\u00f3dulos siguientes tratan todo lo que necesita saber para las certificaciones de Tipo I, II y III, con un Ejercicio de Definiciones de T\u00e9rminos y terminan con un examen de pr\u00e1ctica. El curso se divide en las siguientes secciones:<\/p>\n<ul>\n<li class=\"ai-optimize-35\">Recursos<\/li>\n<li class=\"ai-optimize-36\">N\u00facleo<\/li>\n<li class=\"ai-optimize-37\">Tipo l<\/li>\n<li class=\"ai-optimize-38\">Tipo ll<\/li>\n<li class=\"ai-optimize-39\">Tipo lll<\/li>\n<li class=\"ai-optimize-40\">Examen de la EPA<\/li>\n<\/ul>\n<p class=\"ai-optimize-41\">Una vez que el estudiante haya completado con \u00e9xito este curso, estar\u00e1 bien preparado para aprobar el examen para convertirse en T\u00e9cnico Certificado EPA 608. Al completarlo, los participantes recibir\u00e1n un c\u00f3digo de un solo uso (este c\u00f3digo no caduca) para programar su examen a trav\u00e9s de nuestro servicio de supervisi\u00f3n en l\u00ednea. \u00a1Obtendr\u00e1 los resultados de su examen el mismo d\u00eda de su examen en l\u00ednea!<\/p>\n<p>&nbsp;<\/p>\n","protected":false},"excerpt":{"rendered":"<p class=\"ai-optimize-45\">Este curso ha sido creado para ayudar a preparar al estudiante para el examen de Certificaci\u00f3n EPA Secci\u00f3n 608, en consonancia con las normas y requisitos federales m\u00e1s recientes.<\/p>\n","protected":false},"featured_media":42062,"template":"","meta":[],"product_brand":[],"product_cat":[142,128,135],"product_tag":[],"class_list":{"0":"post-42061","1":"product","2":"type-product","3":"status-publish","4":"has-post-thumbnail","6":"product_cat-reviews-exam-preps","7":"product_cat-individual-training-courses","8":"product_cat-cursos-en-espanol","10":"first","11":"instock","12":"taxable","13":"shipping-taxable","14":"purchasable","15":"product-type-simple"},"yoast_head":"<!-- This site is optimized with the Yoast SEO Premium plugin v25.2 (Yoast SEO v25.8) - https:\/\/yoast.com\/wordpress\/plugins\/seo\/ -->\n<title>Certificaci\u00f3n EPA 608 del uso de refrigerantes - HVACRedu.net - Online HVAC and Refrigeration Training<\/title>\n<meta name=\"description\" content=\"Este curso ha sido creado para ayudar a preparar al estudiante para el examen de Certificaci\u00f3n EPA Secci\u00f3n 608, en consonancia con las normas y requisitos federales m\u00e1s recientes.\" \/>\n<meta name=\"robots\" content=\"noindex, follow, max-snippet:-1, max-image-preview:large, max-video-preview:-1\" \/>\n<meta property=\"og:locale\" content=\"en_US\" \/>\n<meta property=\"og:type\" content=\"article\" \/>\n<meta property=\"og:title\" content=\"Certificaci\u00f3n EPA 608 del uso de refrigerantes\" \/>\n<meta property=\"og:description\" content=\"Este curso ha sido creado para ayudar a preparar al estudiante para el examen de Certificaci\u00f3n EPA Secci\u00f3n 608, en consonancia con las normas y requisitos federales m\u00e1s recientes.\" \/>\n<meta property=\"og:url\" content=\"https:\/\/www.hvacredu.net\/staging\/shop\/certificacion-epa-608-del-uso-de-refrigerantes\/\" \/>\n<meta property=\"og:site_name\" content=\"HVACRedu.net - Online HVAC and Refrigeration Training\" \/>\n<meta property=\"article:publisher\" content=\"https:\/\/www.facebook.com\/hvacredunet\" \/>\n<meta property=\"article:modified_time\" content=\"2025-08-08T16:15:41+00:00\" \/>\n<meta property=\"og:image\" content=\"https:\/\/www.hvacredu.net\/staging\/wp-content\/uploads\/2025\/06\/EPA_608_Refrigerant_Usage_Certification.jpg\" \/>\n\t<meta property=\"og:image:width\" content=\"320\" \/>\n\t<meta property=\"og:image:height\" content=\"220\" \/>\n\t<meta property=\"og:image:type\" content=\"image\/jpeg\" \/>\n<meta name=\"twitter:card\" content=\"summary_large_image\" \/>\n<meta name=\"twitter:site\" content=\"@hvacreducation\" \/>\n<meta name=\"twitter:label1\" content=\"Est. reading time\" \/>\n\t<meta name=\"twitter:data1\" content=\"2 minutes\" \/>\n<script type=\"application\/ld+json\" class=\"yoast-schema-graph\">{\"@context\":\"https:\/\/schema.org\",\"@graph\":[{\"@type\":\"WebPage\",\"@id\":\"https:\/\/www.hvacredu.net\/staging\/shop\/certificacion-epa-608-del-uso-de-refrigerantes\/\",\"url\":\"https:\/\/www.hvacredu.net\/staging\/shop\/certificacion-epa-608-del-uso-de-refrigerantes\/\",\"name\":\"Certificaci\u00f3n EPA 608 del uso de refrigerantes - HVACRedu.net - Online HVAC and Refrigeration Training\",\"isPartOf\":{\"@id\":\"https:\/\/www.hvacredu.net\/staging\/#website\"},\"primaryImageOfPage\":{\"@id\":\"https:\/\/www.hvacredu.net\/staging\/shop\/certificacion-epa-608-del-uso-de-refrigerantes\/#primaryimage\"},\"image\":{\"@id\":\"https:\/\/www.hvacredu.net\/staging\/shop\/certificacion-epa-608-del-uso-de-refrigerantes\/#primaryimage\"},\"thumbnailUrl\":\"https:\/\/www.hvacredu.net\/staging\/wp-content\/uploads\/2025\/06\/EPA_608_Refrigerant_Usage_Certification.jpg\",\"datePublished\":\"2025-06-25T16:42:14+00:00\",\"dateModified\":\"2025-08-08T16:15:41+00:00\",\"description\":\"Este curso ha sido creado para ayudar a preparar al estudiante para el examen de Certificaci\u00f3n EPA Secci\u00f3n 608, en consonancia con las normas y requisitos federales m\u00e1s recientes.\",\"breadcrumb\":{\"@id\":\"https:\/\/www.hvacredu.net\/staging\/shop\/certificacion-epa-608-del-uso-de-refrigerantes\/#breadcrumb\"},\"inLanguage\":\"en\",\"potentialAction\":[{\"@type\":\"ReadAction\",\"target\":[\"https:\/\/www.hvacredu.net\/staging\/shop\/certificacion-epa-608-del-uso-de-refrigerantes\/\"]}]},{\"@type\":\"ImageObject\",\"inLanguage\":\"en\",\"@id\":\"https:\/\/www.hvacredu.net\/staging\/shop\/certificacion-epa-608-del-uso-de-refrigerantes\/#primaryimage\",\"url\":\"https:\/\/www.hvacredu.net\/staging\/wp-content\/uploads\/2025\/06\/EPA_608_Refrigerant_Usage_Certification.jpg\",\"contentUrl\":\"https:\/\/www.hvacredu.net\/staging\/wp-content\/uploads\/2025\/06\/EPA_608_Refrigerant_Usage_Certification.jpg\",\"width\":320,\"height\":220},{\"@type\":\"BreadcrumbList\",\"@id\":\"https:\/\/www.hvacredu.net\/staging\/shop\/certificacion-epa-608-del-uso-de-refrigerantes\/#breadcrumb\",\"itemListElement\":[{\"@type\":\"ListItem\",\"position\":1,\"name\":\"Home\",\"item\":\"https:\/\/www.hvacredu.net\/staging\/\"},{\"@type\":\"ListItem\",\"position\":2,\"name\":\"Shop\",\"item\":\"https:\/\/www.hvacredu.net\/staging\/shop\/\"},{\"@type\":\"ListItem\",\"position\":3,\"name\":\"Certificaci\u00f3n EPA 608 del uso de refrigerantes\"}]},{\"@type\":\"WebSite\",\"@id\":\"https:\/\/www.hvacredu.net\/staging\/#website\",\"url\":\"https:\/\/www.hvacredu.net\/staging\/\",\"name\":\"HVACRedu.net - Online HVAC and Refrigeration Training\",\"description\":\"\",\"publisher\":{\"@id\":\"https:\/\/www.hvacredu.net\/staging\/#organization\"},\"potentialAction\":[{\"@type\":\"SearchAction\",\"target\":{\"@type\":\"EntryPoint\",\"urlTemplate\":\"https:\/\/www.hvacredu.net\/staging\/?s={search_term_string}\"},\"query-input\":{\"@type\":\"PropertyValueSpecification\",\"valueRequired\":true,\"valueName\":\"search_term_string\"}}],\"inLanguage\":\"en\"},{\"@type\":\"Organization\",\"@id\":\"https:\/\/www.hvacredu.net\/staging\/#organization\",\"name\":\"www.hvacredu.net\",\"url\":\"https:\/\/www.hvacredu.net\/staging\/\",\"logo\":{\"@type\":\"ImageObject\",\"inLanguage\":\"en\",\"@id\":\"https:\/\/www.hvacredu.net\/staging\/#\/schema\/logo\/image\/\",\"url\":\"http:\/\/www.hvacredu.net\/staging\/wp-content\/uploads\/2021\/05\/HVAClogo-2-1.png\",\"contentUrl\":\"http:\/\/www.hvacredu.net\/staging\/wp-content\/uploads\/2021\/05\/HVAClogo-2-1.png\",\"width\":200,\"height\":54,\"caption\":\"www.hvacredu.net\"},\"image\":{\"@id\":\"https:\/\/www.hvacredu.net\/staging\/#\/schema\/logo\/image\/\"},\"sameAs\":[\"https:\/\/www.facebook.com\/hvacredunet\",\"https:\/\/x.com\/hvacreducation\",\"https:\/\/www.instagram.com\/hvacredu\/\",\"https:\/\/www.youtube.com\/channel\/UCt3vrukCW1pZlpnmjexqQcA\"]}]}<\/script>\n<!-- \/ Yoast SEO Premium plugin. -->","yoast_head_json":{"title":"Certificaci\u00f3n EPA 608 del uso de refrigerantes - HVACRedu.net - Online HVAC and Refrigeration Training","description":"Este curso ha sido creado para ayudar a preparar al estudiante para el examen de Certificaci\u00f3n EPA Secci\u00f3n 608, en consonancia con las normas y requisitos federales m\u00e1s recientes.","robots":{"index":"noindex","follow":"follow","max-snippet":"max-snippet:-1","max-image-preview":"max-image-preview:large","max-video-preview":"max-video-preview:-1"},"og_locale":"en_US","og_type":"article","og_title":"Certificaci\u00f3n EPA 608 del uso de refrigerantes","og_description":"Este curso ha sido creado para ayudar a preparar al estudiante para el examen de Certificaci\u00f3n EPA Secci\u00f3n 608, en consonancia con las normas y requisitos federales m\u00e1s recientes.","og_url":"https:\/\/www.hvacredu.net\/staging\/shop\/certificacion-epa-608-del-uso-de-refrigerantes\/","og_site_name":"HVACRedu.net - Online HVAC and Refrigeration Training","article_publisher":"https:\/\/www.facebook.com\/hvacredunet","article_modified_time":"2025-08-08T16:15:41+00:00","og_image":[{"width":320,"height":220,"url":"https:\/\/www.hvacredu.net\/staging\/wp-content\/uploads\/2025\/06\/EPA_608_Refrigerant_Usage_Certification.jpg","type":"image\/jpeg"}],"twitter_card":"summary_large_image","twitter_site":"@hvacreducation","twitter_misc":{"Est. reading time":"2 minutes"},"schema":{"@context":"https:\/\/schema.org","@graph":[{"@type":"WebPage","@id":"https:\/\/www.hvacredu.net\/staging\/shop\/certificacion-epa-608-del-uso-de-refrigerantes\/","url":"https:\/\/www.hvacredu.net\/staging\/shop\/certificacion-epa-608-del-uso-de-refrigerantes\/","name":"Certificaci\u00f3n EPA 608 del uso de refrigerantes - HVACRedu.net - Online HVAC and Refrigeration Training","isPartOf":{"@id":"https:\/\/www.hvacredu.net\/staging\/#website"},"primaryImageOfPage":{"@id":"https:\/\/www.hvacredu.net\/staging\/shop\/certificacion-epa-608-del-uso-de-refrigerantes\/#primaryimage"},"image":{"@id":"https:\/\/www.hvacredu.net\/staging\/shop\/certificacion-epa-608-del-uso-de-refrigerantes\/#primaryimage"},"thumbnailUrl":"https:\/\/www.hvacredu.net\/staging\/wp-content\/uploads\/2025\/06\/EPA_608_Refrigerant_Usage_Certification.jpg","datePublished":"2025-06-25T16:42:14+00:00","dateModified":"2025-08-08T16:15:41+00:00","description":"Este curso ha sido creado para ayudar a preparar al estudiante para el examen de Certificaci\u00f3n EPA Secci\u00f3n 608, en consonancia con las normas y requisitos federales m\u00e1s recientes.","breadcrumb":{"@id":"https:\/\/www.hvacredu.net\/staging\/shop\/certificacion-epa-608-del-uso-de-refrigerantes\/#breadcrumb"},"inLanguage":"en","potentialAction":[{"@type":"ReadAction","target":["https:\/\/www.hvacredu.net\/staging\/shop\/certificacion-epa-608-del-uso-de-refrigerantes\/"]}]},{"@type":"ImageObject","inLanguage":"en","@id":"https:\/\/www.hvacredu.net\/staging\/shop\/certificacion-epa-608-del-uso-de-refrigerantes\/#primaryimage","url":"https:\/\/www.hvacredu.net\/staging\/wp-content\/uploads\/2025\/06\/EPA_608_Refrigerant_Usage_Certification.jpg","contentUrl":"https:\/\/www.hvacredu.net\/staging\/wp-content\/uploads\/2025\/06\/EPA_608_Refrigerant_Usage_Certification.jpg","width":320,"height":220},{"@type":"BreadcrumbList","@id":"https:\/\/www.hvacredu.net\/staging\/shop\/certificacion-epa-608-del-uso-de-refrigerantes\/#breadcrumb","itemListElement":[{"@type":"ListItem","position":1,"name":"Home","item":"https:\/\/www.hvacredu.net\/staging\/"},{"@type":"ListItem","position":2,"name":"Shop","item":"https:\/\/www.hvacredu.net\/staging\/shop\/"},{"@type":"ListItem","position":3,"name":"Certificaci\u00f3n EPA 608 del uso de refrigerantes"}]},{"@type":"WebSite","@id":"https:\/\/www.hvacredu.net\/staging\/#website","url":"https:\/\/www.hvacredu.net\/staging\/","name":"HVACRedu.net - Online HVAC and Refrigeration Training","description":"","publisher":{"@id":"https:\/\/www.hvacredu.net\/staging\/#organization"},"potentialAction":[{"@type":"SearchAction","target":{"@type":"EntryPoint","urlTemplate":"https:\/\/www.hvacredu.net\/staging\/?s={search_term_string}"},"query-input":{"@type":"PropertyValueSpecification","valueRequired":true,"valueName":"search_term_string"}}],"inLanguage":"en"},{"@type":"Organization","@id":"https:\/\/www.hvacredu.net\/staging\/#organization","name":"www.hvacredu.net","url":"https:\/\/www.hvacredu.net\/staging\/","logo":{"@type":"ImageObject","inLanguage":"en","@id":"https:\/\/www.hvacredu.net\/staging\/#\/schema\/logo\/image\/","url":"http:\/\/www.hvacredu.net\/staging\/wp-content\/uploads\/2021\/05\/HVAClogo-2-1.png","contentUrl":"http:\/\/www.hvacredu.net\/staging\/wp-content\/uploads\/2021\/05\/HVAClogo-2-1.png","width":200,"height":54,"caption":"www.hvacredu.net"},"image":{"@id":"https:\/\/www.hvacredu.net\/staging\/#\/schema\/logo\/image\/"},"sameAs":["https:\/\/www.facebook.com\/hvacredunet","https:\/\/x.com\/hvacreducation","https:\/\/www.instagram.com\/hvacredu\/","https:\/\/www.youtube.com\/channel\/UCt3vrukCW1pZlpnmjexqQcA"]}]}},"_links":{"self":[{"href":"https:\/\/www.hvacredu.net\/staging\/wp-json\/wp\/v2\/product\/42061","targetHints":{"allow":["GET"]}}],"collection":[{"href":"https:\/\/www.hvacredu.net\/staging\/wp-json\/wp\/v2\/product"}],"about":[{"href":"https:\/\/www.hvacredu.net\/staging\/wp-json\/wp\/v2\/types\/product"}],"wp:featuredmedia":[{"embeddable":true,"href":"https:\/\/www.hvacredu.net\/staging\/wp-json\/wp\/v2\/media\/42062"}],"wp:attachment":[{"href":"https:\/\/www.hvacredu.net\/staging\/wp-json\/wp\/v2\/media?parent=42061"}],"wp:term":[{"taxonomy":"product_brand","embeddable":true,"href":"https:\/\/www.hvacredu.net\/staging\/wp-json\/wp\/v2\/product_brand?post=42061"},{"taxonomy":"product_cat","embeddable":true,"href":"https:\/\/www.hvacredu.net\/staging\/wp-json\/wp\/v2\/product_cat?post=42061"},{"taxonomy":"product_tag","embeddable":true,"href":"https:\/\/www.hvacredu.net\/staging\/wp-json\/wp\/v2\/product_tag?post=42061"}],"curies":[{"name":"wp","href":"https:\/\/api.w.org\/{rel}","templated":true}]}}