{"id":42190,"date":"2025-06-25T11:58:19","date_gmt":"2025-06-25T18:58:19","guid":{"rendered":"https:\/\/www.hvacredu.net\/staging\/?post_type=product&#038;p=42190"},"modified":"2025-08-08T08:49:35","modified_gmt":"2025-08-08T15:49:35","slug":"osha-10-horas-construccion","status":"publish","type":"product","link":"https:\/\/www.hvacredu.net\/staging\/shop\/osha-10-horas-construccion\/","title":{"rendered":"OSHA 10 Horas Construcci\u00f3n"},"content":{"rendered":"<p class=\"ai-optimize-33 ai-optimize-introduction\">Presentado en colaboraci\u00f3n con RedVector, este curso en l\u00ednea OSHA 10 horas de la construcci\u00f3n es una parte de un programa de extensi\u00f3n de OSHA que resulta en una tarjeta v\u00e1lida DOL \/ OSHA 10 horas. Este curso de formaci\u00f3n en l\u00ednea ense\u00f1a a reconocer, evitar, reducir y prevenir los riesgos de seguridad y salud en los lugares de trabajo. Este curso tambi\u00e9n proporciona informaci\u00f3n sobre los derechos de los trabajadores, las responsabilidades del empleador y c\u00f3mo presentar una queja. Fue dise\u00f1ado para ayudar a los trabajadores a mantenerse al d\u00eda con sus requisitos de seguridad de OSHA.<\/p>\n<p class=\"ai-optimize-34\">Una vez adquirido e inscrito, el servicio de estudiantes enviar\u00e1 un correo electr\u00f3nico por separado con la informaci\u00f3n de acceso al portal RedVector.<\/p>\n<p class=\"ai-optimize-35\">Once purchased and enrolled, student services will send a separate email with login information to the RedVector portal.<\/p>\n","protected":false},"excerpt":{"rendered":"<p>Presentado en colaboraci\u00f3n con RedVector, este curso en l\u00ednea OSHA 10 horas de la construcci\u00f3n es una parte de un programa de extensi\u00f3n de OSHA que resulta en una tarjeta v\u00e1lida DOL \/ OSHA 10 horas. Este curso de formaci\u00f3n en l\u00ednea ense\u00f1a a reconocer, evitar, reducir y prevenir los riesgos de seguridad y salud [&hellip;]<\/p>\n","protected":false},"featured_media":41743,"template":"","meta":[],"product_brand":[],"product_cat":[143,128],"product_tag":[],"class_list":{"0":"post-42190","1":"product","2":"type-product","3":"status-publish","4":"has-post-thumbnail","6":"product_cat-osha-safety-individual-training-courses","7":"product_cat-individual-training-courses","9":"first","10":"instock","11":"downloadable","12":"virtual","13":"taxable","14":"purchasable","15":"product-type-simple"},"yoast_head":"<!-- This site is optimized with the Yoast SEO Premium plugin v25.2 (Yoast SEO v25.8) - https:\/\/yoast.com\/wordpress\/plugins\/seo\/ -->\n<title>OSHA 10 Horas Construcci\u00f3n - HVACRedu.net - Online HVAC and Refrigeration Training<\/title>\n<meta name=\"robots\" content=\"noindex, follow, max-snippet:-1, max-image-preview:large, max-video-preview:-1\" \/>\n<meta property=\"og:locale\" content=\"en_US\" \/>\n<meta property=\"og:type\" content=\"article\" \/>\n<meta property=\"og:title\" content=\"OSHA 10 Horas Construcci\u00f3n\" \/>\n<meta property=\"og:description\" content=\"Presentado en colaboraci\u00f3n con RedVector, este curso en l\u00ednea OSHA 10 horas de la construcci\u00f3n es una parte de un programa de extensi\u00f3n de OSHA que resulta en una tarjeta v\u00e1lida DOL \/ OSHA 10 horas. Este curso de formaci\u00f3n en l\u00ednea ense\u00f1a a reconocer, evitar, reducir y prevenir los riesgos de seguridad y salud [&hellip;]\" \/>\n<meta property=\"og:url\" content=\"https:\/\/www.hvacredu.net\/staging\/shop\/osha-10-horas-construccion\/\" \/>\n<meta property=\"og:site_name\" content=\"HVACRedu.net - Online HVAC and Refrigeration Training\" \/>\n<meta property=\"article:publisher\" content=\"https:\/\/www.facebook.com\/hvacredunet\" \/>\n<meta property=\"article:modified_time\" content=\"2025-08-08T15:49:35+00:00\" \/>\n<meta property=\"og:image\" content=\"http:\/\/www.hvacredu.net\/staging\/wp-content\/uploads\/2025\/06\/OSHA-RedVector320.png\" \/>\n\t<meta property=\"og:image:width\" content=\"320\" \/>\n\t<meta property=\"og:image:height\" content=\"220\" \/>\n\t<meta property=\"og:image:type\" content=\"image\/png\" \/>\n<meta name=\"twitter:card\" content=\"summary_large_image\" \/>\n<meta name=\"twitter:site\" content=\"@hvacreducation\" \/>\n<meta name=\"twitter:label1\" content=\"Est. reading time\" \/>\n\t<meta name=\"twitter:data1\" content=\"1 minute\" \/>\n<script type=\"application\/ld+json\" class=\"yoast-schema-graph\">{\"@context\":\"https:\/\/schema.org\",\"@graph\":[{\"@type\":\"WebPage\",\"@id\":\"https:\/\/www.hvacredu.net\/staging\/shop\/osha-10-horas-construccion\/\",\"url\":\"https:\/\/www.hvacredu.net\/staging\/shop\/osha-10-horas-construccion\/\",\"name\":\"OSHA 10 Horas Construcci\u00f3n - HVACRedu.net - Online HVAC and Refrigeration Training\",\"isPartOf\":{\"@id\":\"https:\/\/www.hvacredu.net\/staging\/#website\"},\"primaryImageOfPage\":{\"@id\":\"https:\/\/www.hvacredu.net\/staging\/shop\/osha-10-horas-construccion\/#primaryimage\"},\"image\":{\"@id\":\"https:\/\/www.hvacredu.net\/staging\/shop\/osha-10-horas-construccion\/#primaryimage\"},\"thumbnailUrl\":\"https:\/\/www.hvacredu.net\/staging\/wp-content\/uploads\/2025\/06\/OSHA-RedVector320.png\",\"datePublished\":\"2025-06-25T18:58:19+00:00\",\"dateModified\":\"2025-08-08T15:49:35+00:00\",\"breadcrumb\":{\"@id\":\"https:\/\/www.hvacredu.net\/staging\/shop\/osha-10-horas-construccion\/#breadcrumb\"},\"inLanguage\":\"en\",\"potentialAction\":[{\"@type\":\"ReadAction\",\"target\":[\"https:\/\/www.hvacredu.net\/staging\/shop\/osha-10-horas-construccion\/\"]}]},{\"@type\":\"ImageObject\",\"inLanguage\":\"en\",\"@id\":\"https:\/\/www.hvacredu.net\/staging\/shop\/osha-10-horas-construccion\/#primaryimage\",\"url\":\"https:\/\/www.hvacredu.net\/staging\/wp-content\/uploads\/2025\/06\/OSHA-RedVector320.png\",\"contentUrl\":\"https:\/\/www.hvacredu.net\/staging\/wp-content\/uploads\/2025\/06\/OSHA-RedVector320.png\",\"width\":320,\"height\":220},{\"@type\":\"BreadcrumbList\",\"@id\":\"https:\/\/www.hvacredu.net\/staging\/shop\/osha-10-horas-construccion\/#breadcrumb\",\"itemListElement\":[{\"@type\":\"ListItem\",\"position\":1,\"name\":\"Home\",\"item\":\"https:\/\/www.hvacredu.net\/staging\/\"},{\"@type\":\"ListItem\",\"position\":2,\"name\":\"Shop\",\"item\":\"https:\/\/www.hvacredu.net\/staging\/shop\/\"},{\"@type\":\"ListItem\",\"position\":3,\"name\":\"OSHA 10 Horas Construcci\u00f3n\"}]},{\"@type\":\"WebSite\",\"@id\":\"https:\/\/www.hvacredu.net\/staging\/#website\",\"url\":\"https:\/\/www.hvacredu.net\/staging\/\",\"name\":\"HVACRedu.net - Online HVAC and Refrigeration Training\",\"description\":\"\",\"publisher\":{\"@id\":\"https:\/\/www.hvacredu.net\/staging\/#organization\"},\"potentialAction\":[{\"@type\":\"SearchAction\",\"target\":{\"@type\":\"EntryPoint\",\"urlTemplate\":\"https:\/\/www.hvacredu.net\/staging\/?s={search_term_string}\"},\"query-input\":{\"@type\":\"PropertyValueSpecification\",\"valueRequired\":true,\"valueName\":\"search_term_string\"}}],\"inLanguage\":\"en\"},{\"@type\":\"Organization\",\"@id\":\"https:\/\/www.hvacredu.net\/staging\/#organization\",\"name\":\"www.hvacredu.net\",\"url\":\"https:\/\/www.hvacredu.net\/staging\/\",\"logo\":{\"@type\":\"ImageObject\",\"inLanguage\":\"en\",\"@id\":\"https:\/\/www.hvacredu.net\/staging\/#\/schema\/logo\/image\/\",\"url\":\"http:\/\/www.hvacredu.net\/staging\/wp-content\/uploads\/2021\/05\/HVAClogo-2-1.png\",\"contentUrl\":\"http:\/\/www.hvacredu.net\/staging\/wp-content\/uploads\/2021\/05\/HVAClogo-2-1.png\",\"width\":200,\"height\":54,\"caption\":\"www.hvacredu.net\"},\"image\":{\"@id\":\"https:\/\/www.hvacredu.net\/staging\/#\/schema\/logo\/image\/\"},\"sameAs\":[\"https:\/\/www.facebook.com\/hvacredunet\",\"https:\/\/x.com\/hvacreducation\",\"https:\/\/www.instagram.com\/hvacredu\/\",\"https:\/\/www.youtube.com\/channel\/UCt3vrukCW1pZlpnmjexqQcA\"]}]}<\/script>\n<!-- \/ Yoast SEO Premium plugin. -->","yoast_head_json":{"title":"OSHA 10 Horas Construcci\u00f3n - HVACRedu.net - Online HVAC and Refrigeration Training","robots":{"index":"noindex","follow":"follow","max-snippet":"max-snippet:-1","max-image-preview":"max-image-preview:large","max-video-preview":"max-video-preview:-1"},"og_locale":"en_US","og_type":"article","og_title":"OSHA 10 Horas Construcci\u00f3n","og_description":"Presentado en colaboraci\u00f3n con RedVector, este curso en l\u00ednea OSHA 10 horas de la construcci\u00f3n es una parte de un programa de extensi\u00f3n de OSHA que resulta en una tarjeta v\u00e1lida DOL \/ OSHA 10 horas. Este curso de formaci\u00f3n en l\u00ednea ense\u00f1a a reconocer, evitar, reducir y prevenir los riesgos de seguridad y salud [&hellip;]","og_url":"https:\/\/www.hvacredu.net\/staging\/shop\/osha-10-horas-construccion\/","og_site_name":"HVACRedu.net - Online HVAC and Refrigeration Training","article_publisher":"https:\/\/www.facebook.com\/hvacredunet","article_modified_time":"2025-08-08T15:49:35+00:00","og_image":[{"width":320,"height":220,"url":"http:\/\/www.hvacredu.net\/staging\/wp-content\/uploads\/2025\/06\/OSHA-RedVector320.png","type":"image\/png"}],"twitter_card":"summary_large_image","twitter_site":"@hvacreducation","twitter_misc":{"Est. reading time":"1 minute"},"schema":{"@context":"https:\/\/schema.org","@graph":[{"@type":"WebPage","@id":"https:\/\/www.hvacredu.net\/staging\/shop\/osha-10-horas-construccion\/","url":"https:\/\/www.hvacredu.net\/staging\/shop\/osha-10-horas-construccion\/","name":"OSHA 10 Horas Construcci\u00f3n - HVACRedu.net - Online HVAC and Refrigeration Training","isPartOf":{"@id":"https:\/\/www.hvacredu.net\/staging\/#website"},"primaryImageOfPage":{"@id":"https:\/\/www.hvacredu.net\/staging\/shop\/osha-10-horas-construccion\/#primaryimage"},"image":{"@id":"https:\/\/www.hvacredu.net\/staging\/shop\/osha-10-horas-construccion\/#primaryimage"},"thumbnailUrl":"https:\/\/www.hvacredu.net\/staging\/wp-content\/uploads\/2025\/06\/OSHA-RedVector320.png","datePublished":"2025-06-25T18:58:19+00:00","dateModified":"2025-08-08T15:49:35+00:00","breadcrumb":{"@id":"https:\/\/www.hvacredu.net\/staging\/shop\/osha-10-horas-construccion\/#breadcrumb"},"inLanguage":"en","potentialAction":[{"@type":"ReadAction","target":["https:\/\/www.hvacredu.net\/staging\/shop\/osha-10-horas-construccion\/"]}]},{"@type":"ImageObject","inLanguage":"en","@id":"https:\/\/www.hvacredu.net\/staging\/shop\/osha-10-horas-construccion\/#primaryimage","url":"https:\/\/www.hvacredu.net\/staging\/wp-content\/uploads\/2025\/06\/OSHA-RedVector320.png","contentUrl":"https:\/\/www.hvacredu.net\/staging\/wp-content\/uploads\/2025\/06\/OSHA-RedVector320.png","width":320,"height":220},{"@type":"BreadcrumbList","@id":"https:\/\/www.hvacredu.net\/staging\/shop\/osha-10-horas-construccion\/#breadcrumb","itemListElement":[{"@type":"ListItem","position":1,"name":"Home","item":"https:\/\/www.hvacredu.net\/staging\/"},{"@type":"ListItem","position":2,"name":"Shop","item":"https:\/\/www.hvacredu.net\/staging\/shop\/"},{"@type":"ListItem","position":3,"name":"OSHA 10 Horas Construcci\u00f3n"}]},{"@type":"WebSite","@id":"https:\/\/www.hvacredu.net\/staging\/#website","url":"https:\/\/www.hvacredu.net\/staging\/","name":"HVACRedu.net - Online HVAC and Refrigeration Training","description":"","publisher":{"@id":"https:\/\/www.hvacredu.net\/staging\/#organization"},"potentialAction":[{"@type":"SearchAction","target":{"@type":"EntryPoint","urlTemplate":"https:\/\/www.hvacredu.net\/staging\/?s={search_term_string}"},"query-input":{"@type":"PropertyValueSpecification","valueRequired":true,"valueName":"search_term_string"}}],"inLanguage":"en"},{"@type":"Organization","@id":"https:\/\/www.hvacredu.net\/staging\/#organization","name":"www.hvacredu.net","url":"https:\/\/www.hvacredu.net\/staging\/","logo":{"@type":"ImageObject","inLanguage":"en","@id":"https:\/\/www.hvacredu.net\/staging\/#\/schema\/logo\/image\/","url":"http:\/\/www.hvacredu.net\/staging\/wp-content\/uploads\/2021\/05\/HVAClogo-2-1.png","contentUrl":"http:\/\/www.hvacredu.net\/staging\/wp-content\/uploads\/2021\/05\/HVAClogo-2-1.png","width":200,"height":54,"caption":"www.hvacredu.net"},"image":{"@id":"https:\/\/www.hvacredu.net\/staging\/#\/schema\/logo\/image\/"},"sameAs":["https:\/\/www.facebook.com\/hvacredunet","https:\/\/x.com\/hvacreducation","https:\/\/www.instagram.com\/hvacredu\/","https:\/\/www.youtube.com\/channel\/UCt3vrukCW1pZlpnmjexqQcA"]}]}},"_links":{"self":[{"href":"https:\/\/www.hvacredu.net\/staging\/wp-json\/wp\/v2\/product\/42190","targetHints":{"allow":["GET"]}}],"collection":[{"href":"https:\/\/www.hvacredu.net\/staging\/wp-json\/wp\/v2\/product"}],"about":[{"href":"https:\/\/www.hvacredu.net\/staging\/wp-json\/wp\/v2\/types\/product"}],"wp:featuredmedia":[{"embeddable":true,"href":"https:\/\/www.hvacredu.net\/staging\/wp-json\/wp\/v2\/media\/41743"}],"wp:attachment":[{"href":"https:\/\/www.hvacredu.net\/staging\/wp-json\/wp\/v2\/media?parent=42190"}],"wp:term":[{"taxonomy":"product_brand","embeddable":true,"href":"https:\/\/www.hvacredu.net\/staging\/wp-json\/wp\/v2\/product_brand?post=42190"},{"taxonomy":"product_cat","embeddable":true,"href":"https:\/\/www.hvacredu.net\/staging\/wp-json\/wp\/v2\/product_cat?post=42190"},{"taxonomy":"product_tag","embeddable":true,"href":"https:\/\/www.hvacredu.net\/staging\/wp-json\/wp\/v2\/product_tag?post=42190"}],"curies":[{"name":"wp","href":"https:\/\/api.w.org\/{rel}","templated":true}]}}